{"id":41629,"date":"2026-01-26T00:51:55","date_gmt":"2026-01-25T21:51:55","guid":{"rendered":"https:\/\/futurecraftproject.com\/en\/?page_id=41629"},"modified":"2026-01-28T14:42:26","modified_gmt":"2026-01-28T11:42:26","slug":"bilisim-vadisi","status":"publish","type":"page","link":"https:\/\/futurecraftproject.com\/en\/bilisim-vadisi\/","title":{"rendered":"Bili\u015fim Vadisi"},"content":{"rendered":"\t\t<div data-elementor-type=\"wp-page\" data-elementor-id=\"41629\" class=\"elementor elementor-41629\" data-elementor-post-type=\"page\">\n\t\t\t\t<div class=\"elementor-element elementor-element-b7ddc77 e-flex e-con-boxed e-con e-parent\" data-id=\"b7ddc77\" data-element_type=\"container\" data-settings=\"{&quot;background_background&quot;:&quot;classic&quot;}\">\n\t\t\t\t\t<div class=\"e-con-inner\">\n\t\t<div class=\"elementor-element elementor-element-40f6e46 e-con-full e-flex e-con e-child\" data-id=\"40f6e46\" data-element_type=\"container\">\n\t\t\t\t<div class=\"elementor-element elementor-element-1323184 elementor-widget elementor-widget-the7-heading\" data-id=\"1323184\" data-element_type=\"widget\" data-widget_type=\"the7-heading.default\">\n\t\t\t\t<div class=\"elementor-widget-container\">\n\t\t\t\t\t<h1 class=\"the7-heading-title elementor-size-default\">Bili\u015fim Vadisi<\/h1>\t\t\t\t<\/div>\n\t\t\t\t<\/div>\n\t\t\t\t<\/div>\n\t\t\t\t\t<\/div>\n\t\t\t\t<\/div>\n\t\t<div class=\"elementor-element elementor-element-52d8d20 e-con-full e-flex e-con e-parent\" data-id=\"52d8d20\" data-element_type=\"container\">\n\t\t\t\t<div class=\"elementor-element elementor-element-8f30a7d elementor-widget elementor-widget-spacer\" data-id=\"8f30a7d\" data-element_type=\"widget\" data-widget_type=\"spacer.default\">\n\t\t\t\t\t\t\t<div class=\"elementor-spacer\">\n\t\t\t<div class=\"elementor-spacer-inner\"><\/div>\n\t\t<\/div>\n\t\t\t\t\t\t<\/div>\n\t\t\t\t<div class=\"elementor-element elementor-element-bd2f3f9 elementor-widget elementor-widget-image\" data-id=\"bd2f3f9\" data-element_type=\"widget\" data-widget_type=\"image.default\">\n\t\t\t\t\t\t\t\t\t\t\t\t\t\t\t<img fetchpriority=\"high\" decoding=\"async\" width=\"423\" height=\"200\" src=\"https:\/\/futurecraftproject.com\/en\/wp-content\/uploads\/2026\/01\/bilisim-vadisi-logo.jpg\" class=\"attachment-medium_large size-medium_large wp-image-41413\" alt=\"\" srcset=\"https:\/\/futurecraftproject.com\/en\/wp-content\/uploads\/2026\/01\/bilisim-vadisi-logo.jpg 423w, https:\/\/futurecraftproject.com\/en\/wp-content\/uploads\/2026\/01\/bilisim-vadisi-logo-300x142.jpg 300w\" sizes=\"(max-width: 423px) 100vw, 423px\" \/>\t\t\t\t\t\t\t\t\t\t\t\t\t\t\t<\/div>\n\t\t\t\t<div class=\"elementor-element elementor-element-478739b elementor-widget__width-initial elementor-widget elementor-widget-text-editor\" data-id=\"478739b\" data-element_type=\"widget\" data-widget_type=\"text-editor.default\">\n\t\t\t\t\t\t\t\t\t<p><strong>Bili\u015fim Vadisi<\/strong> is T\u00fcrkiye\u2019s largest technology development zone with its ever-growing Mega Technology Corridor formed by its 4 campuses located in Kocaeli, Istanbul, Izmir, and Baku, its technology development area of more than 3.5 million m2 in total, and most importantly, its ecosystem with more than 8000 R&amp;D employees, more than 600 technology developer companies and more than 150 technology entrepreneurs in its incubation centre, which continues to grow every day. In the 2023 Industry and Technology Strategy published in 2019, Bili\u015fim Vadisi, which focuses on the goals of the National Technology Move (Milli Teknoloji Hamlesi), which is stated as the name of the transformation of technology in T\u00fcrkiye, is one of the most important stakeholders and representatives of the National Technology Move, as stated in the Teknogiri\u015fim Strateji document published in 2022. Within the scope of its goals to grow its ecosystem, Bili\u015fim Vadisi carries out activities such as accelerators, incubation programs, entrepreneurship skills development programs, and strategic event activities to support especially aspiring entrepreneurs.<\/p><p><strong>Bili\u015fim Vadisi<\/strong> swiftly identifies the needs of technology companies and provides solutions with strong shareholders including the Turkish Patent, Turkish Standards Institute, KOSGEB, various chambers of industry and commerce, and universities. Hosting 500+ domestic and foreign companies and 5000+ R&amp;D personnel. BV also host the largest mobility project in Turkey. TOGG Turkey\u2019s electric vehicle project. TOGG\u2019s headquarters and R&amp;D office are located on our Kocaeli Campus. BV has determined six focus areas in line with its goals: Mobility, Connectivity Technologies, Smart City, Cyber Security, Gaming, and Design. It carries out activities to support technologies and entrepreneurs developed in these areas, and to build and run ecosystems with high-capacity infrastructure. With its incubation centre Bili\u015fim Vadisi hosts over 150 entrepreneurs and provides 24\/7 support to pre-incubation and incubation entrepreneurs, provides open and closed workspaces, sales follow-up management support, training (entrepreneurship + business), acceleration programs, hackathon events, financial and legal consultancy support, patent consultancy support, mentoring support, investor meetings, demo day events and unlimited internet and electricity support.<\/p><p><strong>Bili\u015fim Vadisi<\/strong> is well-positioned to facilitate a successful environment that equips young entrepreneurs with the necessary skillset to navigate the gaming ecosystem.<\/p>\t\t\t\t\t\t\t\t<\/div>\n\t\t\t\t<div class=\"elementor-element elementor-element-269093c elementor-align-center elementor-widget elementor-widget-the7_button_widget\" data-id=\"269093c\" data-element_type=\"widget\" data-widget_type=\"the7_button_widget.default\">\n\t\t\t\t<div class=\"elementor-widget-container\">\n\t\t\t\t\t<div class=\"elementor-button-wrapper\"><a href=\"https:\/\/bilisimvadisi.com.tr\/\" target=\"_blank\" class=\"box-button elementor-button elementor-size-md\">Visit Site<\/a><\/div>\t\t\t\t<\/div>\n\t\t\t\t<\/div>\n\t\t\t\t<\/div>\n\t\t<div class=\"elementor-element elementor-element-2aa6a1d e-con-full e-flex e-con e-parent\" data-id=\"2aa6a1d\" data-element_type=\"container\">\n\t\t<div class=\"elementor-element elementor-element-bfcc6e0 e-flex e-con-boxed e-con e-child\" data-id=\"bfcc6e0\" data-element_type=\"container\">\n\t\t\t\t\t<div class=\"e-con-inner\">\n\t\t<div class=\"elementor-element elementor-element-c92e261 e-grid e-con-fit e-con e-child\" data-id=\"c92e261\" data-element_type=\"container\">\n\t\t\t\t<div class=\"elementor-element elementor-element-9521d70 elementor-widget elementor-widget-image\" data-id=\"9521d70\" data-element_type=\"widget\" data-widget_type=\"image.default\">\n\t\t\t\t\t\t\t\t\t\t\t\t\t\t\t<img decoding=\"async\" src=\"https:\/\/futurecraftproject.com\/en\/wp-content\/uploads\/2026\/01\/AB-Baskanligi.jpg\" title=\"AB-Baskanligi\" alt=\"AB-Baskanligi\" loading=\"lazy\" \/>\t\t\t\t\t\t\t\t\t\t\t\t\t\t\t<\/div>\n\t\t\t\t<div class=\"elementor-element elementor-element-9de9aea elementor-widget elementor-widget-image\" data-id=\"9de9aea\" data-element_type=\"widget\" data-widget_type=\"image.default\">\n\t\t\t\t\t\t\t\t\t\t\t\t\t\t\t<img decoding=\"async\" src=\"https:\/\/futurecraftproject.com\/en\/wp-content\/uploads\/2026\/01\/turkiye-ulusal-ajansi.jpg\" title=\"turkiye-ulusal-ajansi\" alt=\"turkiye-ulusal-ajansi\" loading=\"lazy\" \/>\t\t\t\t\t\t\t\t\t\t\t\t\t\t\t<\/div>\n\t\t\t\t<div class=\"elementor-element elementor-element-1fe4863 elementor-widget elementor-widget-image\" data-id=\"1fe4863\" data-element_type=\"widget\" data-widget_type=\"image.default\">\n\t\t\t\t\t\t\t\t\t\t\t\t\t\t\t<img decoding=\"async\" src=\"https:\/\/futurecraftproject.com\/en\/wp-content\/uploads\/2026\/01\/co-fundend-by-EU.jpg\" title=\"co-fundend-by-EU\" alt=\"co-fundend-by-EU\" loading=\"lazy\" \/>\t\t\t\t\t\t\t\t\t\t\t\t\t\t\t<\/div>\n\t\t\t\t<\/div>\n\t\t<div class=\"elementor-element elementor-element-f17a2b2 e-grid e-con-full e-con e-child\" data-id=\"f17a2b2\" data-element_type=\"container\">\n\t\t\t\t<div class=\"elementor-element elementor-element-e6aab5e content-align-left the7-hover-visibility-disabled transform-overlay-yes exceeding-frame-yes elementor-widget elementor-widget-the7-image-widget\" data-id=\"e6aab5e\" data-element_type=\"widget\" data-settings=\"{&quot;hover_visibility&quot;:&quot;disabled&quot;}\" data-widget_type=\"the7-image-widget.default\">\n\t\t\t\t<div class=\"elementor-widget-container\">\n\t\t\t\t\t<div class=\"the7-image-container\"><div class=\"the7-image-wrapper the7-elementor-widget the7-transform-container\"><div class=\"post-thumbnail-rollover layzr-bg img-css-resize-wrapper\"><img decoding=\"async\" width=\"423\" height=\"200\" src=\"data:image\/svg+xml,%3Csvg%20xmlns%3D&#039;http%3A%2F%2Fwww.w3.org%2F2000%2Fsvg&#039;%20viewBox%3D&#039;0%200%20423%20200&#039;%2F%3E\" class=\"attachment-full size-full preload-me aspect lazy lazy-load\" alt=\"\" sizes=\"(max-width: 423px) 100vw, 423px\" style=\"--ratio: 423 \/ 200;\" data-src=\"https:\/\/futurecraftproject.com\/en\/wp-content\/uploads\/2026\/01\/bilisim-vadisi-logo.jpg\" loading=\"eager\" data-srcset=\"https:\/\/futurecraftproject.com\/en\/wp-content\/uploads\/2026\/01\/bilisim-vadisi-logo.jpg 423w, https:\/\/futurecraftproject.com\/en\/wp-content\/uploads\/2026\/01\/bilisim-vadisi-logo-300x142.jpg 300w\" \/><\/div><\/div><\/div>\t\t\t\t<\/div>\n\t\t\t\t<\/div>\n\t\t\t\t<div class=\"elementor-element elementor-element-6065db6 content-align-left the7-hover-visibility-disabled transform-overlay-yes exceeding-frame-yes elementor-widget elementor-widget-the7-image-widget\" data-id=\"6065db6\" data-element_type=\"widget\" data-settings=\"{&quot;hover_visibility&quot;:&quot;disabled&quot;}\" data-widget_type=\"the7-image-widget.default\">\n\t\t\t\t<div class=\"elementor-widget-container\">\n\t\t\t\t\t<div class=\"the7-image-container\"><div class=\"the7-image-wrapper the7-elementor-widget the7-transform-container\"><div class=\"post-thumbnail-rollover layzr-bg img-css-resize-wrapper\"><img decoding=\"async\" width=\"450\" height=\"154\" src=\"data:image\/svg+xml,%3Csvg%20xmlns%3D&#039;http%3A%2F%2Fwww.w3.org%2F2000%2Fsvg&#039;%20viewBox%3D&#039;0%200%20450%20154&#039;%2F%3E\" class=\"attachment-full size-full preload-me aspect lazy lazy-load\" alt=\"\" sizes=\"(max-width: 450px) 100vw, 450px\" style=\"--ratio: 450 \/ 154;\" data-src=\"https:\/\/futurecraftproject.com\/en\/wp-content\/uploads\/2026\/01\/ttb-logo.png\" loading=\"eager\" data-srcset=\"https:\/\/futurecraftproject.com\/en\/wp-content\/uploads\/2026\/01\/ttb-logo.png 450w, https:\/\/futurecraftproject.com\/en\/wp-content\/uploads\/2026\/01\/ttb-logo-300x103.png 300w\" \/><\/div><\/div><\/div>\t\t\t\t<\/div>\n\t\t\t\t<\/div>\n\t\t\t\t<div class=\"elementor-element elementor-element-1956fb3 content-align-left the7-hover-visibility-disabled transform-overlay-yes exceeding-frame-yes elementor-widget elementor-widget-the7-image-widget\" data-id=\"1956fb3\" data-element_type=\"widget\" data-settings=\"{&quot;hover_visibility&quot;:&quot;disabled&quot;}\" data-widget_type=\"the7-image-widget.default\">\n\t\t\t\t<div class=\"elementor-widget-container\">\n\t\t\t\t\t<div class=\"the7-image-container\"><div class=\"the7-image-wrapper the7-elementor-widget the7-transform-container\"><div class=\"post-thumbnail-rollover layzr-bg img-css-resize-wrapper\"><img decoding=\"async\" width=\"450\" height=\"123\" src=\"data:image\/svg+xml,%3Csvg%20xmlns%3D&#039;http%3A%2F%2Fwww.w3.org%2F2000%2Fsvg&#039;%20viewBox%3D&#039;0%200%20450%20123&#039;%2F%3E\" class=\"attachment-full size-full preload-me aspect lazy lazy-load\" alt=\"\" sizes=\"(max-width: 450px) 100vw, 450px\" style=\"--ratio: 450 \/ 123;\" data-src=\"https:\/\/futurecraftproject.com\/en\/wp-content\/uploads\/2026\/01\/fondacija-logo.png\" loading=\"eager\" data-srcset=\"https:\/\/futurecraftproject.com\/en\/wp-content\/uploads\/2026\/01\/fondacija-logo.png 450w, https:\/\/futurecraftproject.com\/en\/wp-content\/uploads\/2026\/01\/fondacija-logo-300x82.png 300w\" \/><\/div><\/div><\/div>\t\t\t\t<\/div>\n\t\t\t\t<\/div>\n\t\t\t\t<div class=\"elementor-element elementor-element-1d31b13 content-align-left the7-hover-visibility-disabled transform-overlay-yes exceeding-frame-yes elementor-widget elementor-widget-the7-image-widget\" data-id=\"1d31b13\" data-element_type=\"widget\" data-settings=\"{&quot;hover_visibility&quot;:&quot;disabled&quot;}\" data-widget_type=\"the7-image-widget.default\">\n\t\t\t\t<div class=\"elementor-widget-container\">\n\t\t\t\t\t<div class=\"the7-image-container\"><div class=\"the7-image-wrapper the7-elementor-widget the7-transform-container\"><div class=\"post-thumbnail-rollover layzr-bg img-css-resize-wrapper\"><img decoding=\"async\" width=\"450\" height=\"178\" src=\"data:image\/svg+xml,%3Csvg%20xmlns%3D&#039;http%3A%2F%2Fwww.w3.org%2F2000%2Fsvg&#039;%20viewBox%3D&#039;0%200%20450%20178&#039;%2F%3E\" class=\"attachment-full size-full preload-me aspect lazy lazy-load\" alt=\"\" sizes=\"(max-width: 450px) 100vw, 450px\" style=\"--ratio: 450 \/ 178;\" data-src=\"https:\/\/futurecraftproject.com\/en\/wp-content\/uploads\/2026\/01\/finland-futures-logo.png\" loading=\"eager\" data-srcset=\"https:\/\/futurecraftproject.com\/en\/wp-content\/uploads\/2026\/01\/finland-futures-logo.png 450w, https:\/\/futurecraftproject.com\/en\/wp-content\/uploads\/2026\/01\/finland-futures-logo-300x119.png 300w\" \/><\/div><\/div><\/div>\t\t\t\t<\/div>\n\t\t\t\t<\/div>\n\t\t\t\t<div class=\"elementor-element elementor-element-c30c868 content-align-left the7-hover-visibility-disabled transform-overlay-yes exceeding-frame-yes elementor-widget elementor-widget-the7-image-widget\" data-id=\"c30c868\" data-element_type=\"widget\" data-settings=\"{&quot;hover_visibility&quot;:&quot;disabled&quot;}\" data-widget_type=\"the7-image-widget.default\">\n\t\t\t\t<div class=\"elementor-widget-container\">\n\t\t\t\t\t<div class=\"the7-image-container\"><div class=\"the7-image-wrapper the7-elementor-widget the7-transform-container\"><div class=\"post-thumbnail-rollover layzr-bg img-css-resize-wrapper\"><img decoding=\"async\" width=\"450\" height=\"127\" src=\"data:image\/svg+xml,%3Csvg%20xmlns%3D&#039;http%3A%2F%2Fwww.w3.org%2F2000%2Fsvg&#039;%20viewBox%3D&#039;0%200%20450%20127&#039;%2F%3E\" class=\"attachment-full size-full preload-me aspect lazy lazy-load\" alt=\"\" sizes=\"(max-width: 450px) 100vw, 450px\" style=\"--ratio: 450 \/ 127;\" data-src=\"https:\/\/futurecraftproject.com\/en\/wp-content\/uploads\/2026\/01\/university-of-turku-logo.png\" loading=\"eager\" data-srcset=\"https:\/\/futurecraftproject.com\/en\/wp-content\/uploads\/2026\/01\/university-of-turku-logo.png 450w, https:\/\/futurecraftproject.com\/en\/wp-content\/uploads\/2026\/01\/university-of-turku-logo-300x85.png 300w\" \/><\/div><\/div><\/div>\t\t\t\t<\/div>\n\t\t\t\t<\/div>\n\t\t\t\t<\/div>\n\t\t\t\t<div class=\"elementor-element elementor-element-edfcbc6 elementor-widget-tablet__width-inherit elementor-widget__width-initial elementor-widget elementor-widget-text-editor\" data-id=\"edfcbc6\" data-element_type=\"widget\" data-widget_type=\"text-editor.default\">\n\t\t\t\t\t\t\t\t\t<p><strong>&#8220;Future Craft: Empowering Visionaries for Tomorrow\u2019s Dynamic Landscape&#8221;<\/strong> with the number <strong>2024-1-TR01-KA220-ADU-000251939<\/strong> is supported by the <strong>European Commission<\/strong> under the <strong>Erasmus+ Program<\/strong>. However, European Commission and Turkish National Agency cannot be held responsible for the expressed herein.<\/p>\t\t\t\t\t\t\t\t<\/div>\n\t\t\t\t\t<\/div>\n\t\t\t\t<\/div>\n\t\t\t\t<\/div>\n\t\t\t\t<\/div>\n\t\t","protected":false},"excerpt":{"rendered":"<p>Bili\u015fim Vadisi Bili\u015fim Vadisi is T\u00fcrkiye\u2019s largest technology development zone with its ever-growing Mega Technology Corridor formed by its 4 campuses located in Kocaeli, Istanbul, Izmir, and Baku, its technology development area of more than 3.5 million m2 in total, and most importantly, its ecosystem with more than 8000 R&amp;D employees, more than 600 technology&hellip;<\/p>\n","protected":false},"author":1,"featured_media":0,"parent":0,"menu_order":0,"comment_status":"closed","ping_status":"closed","template":"","meta":{"footnotes":""},"class_list":["post-41629","page","type-page","status-publish","hentry"],"_links":{"self":[{"href":"https:\/\/futurecraftproject.com\/en\/wp-json\/wp\/v2\/pages\/41629","targetHints":{"allow":["GET"]}}],"collection":[{"href":"https:\/\/futurecraftproject.com\/en\/wp-json\/wp\/v2\/pages"}],"about":[{"href":"https:\/\/futurecraftproject.com\/en\/wp-json\/wp\/v2\/types\/page"}],"author":[{"embeddable":true,"href":"https:\/\/futurecraftproject.com\/en\/wp-json\/wp\/v2\/users\/1"}],"replies":[{"embeddable":true,"href":"https:\/\/futurecraftproject.com\/en\/wp-json\/wp\/v2\/comments?post=41629"}],"version-history":[{"count":13,"href":"https:\/\/futurecraftproject.com\/en\/wp-json\/wp\/v2\/pages\/41629\/revisions"}],"predecessor-version":[{"id":41963,"href":"https:\/\/futurecraftproject.com\/en\/wp-json\/wp\/v2\/pages\/41629\/revisions\/41963"}],"wp:attachment":[{"href":"https:\/\/futurecraftproject.com\/en\/wp-json\/wp\/v2\/media?parent=41629"}],"curies":[{"name":"wp","href":"https:\/\/api.w.org\/{rel}","templated":true}]}}